{"id":2424,"date":"2019-11-11T14:17:04","date_gmt":"2019-11-11T19:17:04","guid":{"rendered":"https:\/\/roy-ingf.com\/environmental-site-assessment\/"},"modified":"2019-11-11T14:19:02","modified_gmt":"2019-11-11T19:19:02","slug":"environmental-site-assessment","status":"publish","type":"page","link":"https:\/\/roy-ingf.com\/en\/environmental-site-assessment\/","title":{"rendered":"Environmental site assessment"},"content":{"rendered":"<div class=\"wpb-content-wrapper\"><p>[vc_row landscaping_skin=&#8221;margin&#8221; landscaping_postion=&#8221;top&#8221; landscaping_size=&#8221;50&#8243;][vc_column width=&#8221;1\/4&#8243; el_class=&#8221;menu-services&#8221;][vc_wp_custommenu nav_menu=&#8221;44&#8243;][\/vc_column][vc_column width=&#8221;4\/6&#8243;][vc_single_image image=&#8221;2263&#8243; img_size=&#8221;full&#8221;]<div class=\"margin-top-15 landscaping_divider-0\"><\/div><div class=\"clearfix\"><\/div>[vc_column_text css=&#8221;.vc_custom_1570209987027{margin-top: 30px !important;margin-bottom: 20px !important;}&#8221;]<\/p>\n<h3><strong>Environmental site assessment <\/strong><\/h3>\n<p>[\/vc_column_text][vc_column_text css=&#8221;.vc_custom_1573499939542{margin-top: 30px !important;margin-bottom: 20px !important;padding-right: 30px !important;}&#8221;]<\/p>\n<h4><strong>What is it about?<\/strong><\/h4>\n<p>An environmental site assessment (ESA) aims at determining if a site is contaminated. It includes 3 steps.<\/p>\n<p>ESA \u2013 Phase\u00a01: We assess the risk of contamination of the site. If our assessment confirms a risk, we then proceed to Step\u00a02.<\/p>\n<p>ESA \u2013 Phase\u00a02: We test the water or the soil to confirm the source of contamination. This test also allows us to delineate precisely the extent of contamination.<\/p>\n<p>ESA \u2013 Phase\u00a03: We develop a rehabilitation plan to decontaminate the site.[\/vc_column_text][vc_column_text css=&#8221;.vc_custom_1570210016481{margin-top: 30px !important;margin-bottom: 20px !important;}&#8221;]<\/p>\n<h4><strong>What for?<\/strong><\/h4>\n<p>When planning a real estate transaction, financial institutions or municipalities often require that you carry out an environmental site assessment.[\/vc_column_text][vc_column_text css=&#8221;.vc_custom_1571255593535{margin-top: 30px !important;margin-bottom: 20px !important;}&#8221;]<\/p>\n<h4><strong>Here is what I offer<\/strong><\/h4>\n<p>A comprehensive report which complies with the requirements of the financial institutions and city planning departments.<\/p>\n<p>We have completed a specialized training program recognized by the <a href=\"http:\/\/www.aqve.com\/en\" target=\"_blank\" rel=\"noopener noreferrer\">Association qu\u00e9b\u00e9coise de v\u00e9rification environnementale (AQVE)<\/a>.[\/vc_column_text]<div class=\"margin-top-50 landscaping_divider-1\"><\/div><div class=\"clearfix\"><\/div>[vc_single_image image=&#8221;2262&#8243; img_size=&#8221;full&#8221; add_caption=&#8221;yes&#8221; el_class=&#8221;photo&#8221;][\/vc_column][vc_column width=&#8221;1\/6&#8243;][\/vc_column][\/vc_row][vc_row][vc_column]<div class=\"margin-top-50 landscaping_divider-2\"><\/div><div class=\"clearfix\"><\/div>[\/vc_column][\/vc_row]<\/p>\n<\/div>","protected":false},"excerpt":{"rendered":"[vc_row landscaping_skin=\"margin\" landscaping_postion=\"top\" landscaping_size=\"50\"][vc_column width=\"1\/4\" el_class=\"menu-services\"][vc_wp_custommenu nav_menu=\"44\"][\/vc_column][vc_column width=\"4\/6\"][vc_single_image image=\"2263\" img_size=\"full\"][vc_column_text css=\".vc_custom_1570209987027{margin-top: 30px !important;margin-bottom: 20px !important;}\"] Environmental site assessment [\/vc_column_text][vc_column_text css=\".vc_custom_1573499939542{margin-top: 30px !important;margin-bottom: 20px !important;padding-right: 30px !important;}\"] What is it about? An environmental site assessment (ESA) aims at determining if a site is contaminated. It includes 3 steps. ESA \u2013 Phase\u00a01: We assess the risk of [...]","protected":false},"author":4,"featured_media":0,"parent":0,"menu_order":0,"comment_status":"closed","ping_status":"closed","template":"","meta":{"_monsterinsights_skip_tracking":false,"_monsterinsights_sitenote_active":false,"_monsterinsights_sitenote_note":"","_monsterinsights_sitenote_category":0,"footnotes":""},"class_list":["post-2424","page","type-page","status-publish","hentry"],"yoast_head":"<!-- This site is optimized with the Yoast SEO plugin v27.4 - https:\/\/yoast.com\/product\/yoast-seo-wordpress\/ -->\n<title>Environmental site assessment - Consulting services in environment and forest engineering | Dominic Roy<\/title>\n<meta name=\"robots\" content=\"index, follow, max-snippet:-1, max-image-preview:large, max-video-preview:-1\" \/>\n<link rel=\"canonical\" href=\"https:\/\/roy-ingf.com\/en\/environmental-site-assessment\/\" \/>\n<meta property=\"og:locale\" content=\"en_US\" \/>\n<meta property=\"og:type\" content=\"article\" \/>\n<meta property=\"og:title\" content=\"Environmental site assessment - Consulting services in environment and forest engineering | Dominic Roy\" \/>\n<meta property=\"og:url\" content=\"https:\/\/roy-ingf.com\/en\/environmental-site-assessment\/\" \/>\n<meta property=\"og:site_name\" content=\"Consulting services in environment and forest engineering | Dominic Roy\" \/>\n<meta property=\"article:publisher\" content=\"https:\/\/www.facebook.com\/royingf\/\" \/>\n<meta property=\"article:modified_time\" content=\"2019-11-11T19:19:02+00:00\" \/>\n<meta property=\"og:image\" content=\"https:\/\/roy-ingf.com\/wp-content\/uploads\/2018\/01\/accueil-1024x824.jpg\" \/>\n\t<meta property=\"og:image:width\" content=\"1024\" \/>\n\t<meta property=\"og:image:height\" content=\"824\" \/>\n\t<meta property=\"og:image:type\" content=\"image\/jpeg\" \/>\n<meta name=\"twitter:card\" content=\"summary_large_image\" \/>\n<meta name=\"twitter:label1\" content=\"Est. reading time\" \/>\n\t<meta name=\"twitter:data1\" content=\"2 minutes\" \/>\n<script type=\"application\/ld+json\" class=\"yoast-schema-graph\">{\"@context\":\"https:\\\/\\\/schema.org\",\"@graph\":[{\"@type\":\"WebPage\",\"@id\":\"https:\\\/\\\/roy-ingf.com\\\/en\\\/environmental-site-assessment\\\/\",\"url\":\"https:\\\/\\\/roy-ingf.com\\\/en\\\/environmental-site-assessment\\\/\",\"name\":\"Environmental site assessment - Consulting services in environment and forest engineering | Dominic Roy\",\"isPartOf\":{\"@id\":\"https:\\\/\\\/roy-ingf.com\\\/en\\\/#website\"},\"datePublished\":\"2019-11-11T19:17:04+00:00\",\"dateModified\":\"2019-11-11T19:19:02+00:00\",\"breadcrumb\":{\"@id\":\"https:\\\/\\\/roy-ingf.com\\\/en\\\/environmental-site-assessment\\\/#breadcrumb\"},\"inLanguage\":\"en-US\",\"potentialAction\":[{\"@type\":\"ReadAction\",\"target\":[\"https:\\\/\\\/roy-ingf.com\\\/en\\\/environmental-site-assessment\\\/\"]}]},{\"@type\":\"BreadcrumbList\",\"@id\":\"https:\\\/\\\/roy-ingf.com\\\/en\\\/environmental-site-assessment\\\/#breadcrumb\",\"itemListElement\":[{\"@type\":\"ListItem\",\"position\":1,\"name\":\"Home\",\"item\":\"https:\\\/\\\/roy-ingf.com\\\/en\\\/\"},{\"@type\":\"ListItem\",\"position\":2,\"name\":\"Environmental site assessment\"}]},{\"@type\":\"WebSite\",\"@id\":\"https:\\\/\\\/roy-ingf.com\\\/en\\\/#website\",\"url\":\"https:\\\/\\\/roy-ingf.com\\\/en\\\/\",\"name\":\"Consulting services in environment and forest engineering | Dominic Roy\",\"description\":\"Consulting services in environment and forest engineering\",\"publisher\":{\"@id\":\"https:\\\/\\\/roy-ingf.com\\\/en\\\/#organization\"},\"potentialAction\":[{\"@type\":\"SearchAction\",\"target\":{\"@type\":\"EntryPoint\",\"urlTemplate\":\"https:\\\/\\\/roy-ingf.com\\\/en\\\/?s={search_term_string}\"},\"query-input\":{\"@type\":\"PropertyValueSpecification\",\"valueRequired\":true,\"valueName\":\"search_term_string\"}}],\"inLanguage\":\"en-US\"},{\"@type\":\"Organization\",\"@id\":\"https:\\\/\\\/roy-ingf.com\\\/en\\\/#organization\",\"name\":\"Dominic Roy - Forest Engineering\",\"url\":\"https:\\\/\\\/roy-ingf.com\\\/en\\\/\",\"logo\":{\"@type\":\"ImageObject\",\"inLanguage\":\"en-US\",\"@id\":\"https:\\\/\\\/roy-ingf.com\\\/en\\\/#\\\/schema\\\/logo\\\/image\\\/\",\"url\":\"https:\\\/\\\/roy-ingf.com\\\/wp-content\\\/uploads\\\/2017\\\/12\\\/symbol.png\",\"contentUrl\":\"https:\\\/\\\/roy-ingf.com\\\/wp-content\\\/uploads\\\/2017\\\/12\\\/symbol.png\",\"width\":96,\"height\":72,\"caption\":\"Dominic Roy - Forest Engineering\"},\"image\":{\"@id\":\"https:\\\/\\\/roy-ingf.com\\\/en\\\/#\\\/schema\\\/logo\\\/image\\\/\"},\"sameAs\":[\"https:\\\/\\\/www.facebook.com\\\/royingf\\\/\",\"https:\\\/\\\/www.linkedin.com\\\/in\\\/dominic-roy-7b010246\\\/\"]}]}<\/script>\n<!-- \/ Yoast SEO plugin. -->","yoast_head_json":{"title":"Environmental site assessment - Consulting services in environment and forest engineering | Dominic Roy","robots":{"index":"index","follow":"follow","max-snippet":"max-snippet:-1","max-image-preview":"max-image-preview:large","max-video-preview":"max-video-preview:-1"},"canonical":"https:\/\/roy-ingf.com\/en\/environmental-site-assessment\/","og_locale":"en_US","og_type":"article","og_title":"Environmental site assessment - Consulting services in environment and forest engineering | Dominic Roy","og_url":"https:\/\/roy-ingf.com\/en\/environmental-site-assessment\/","og_site_name":"Consulting services in environment and forest engineering | Dominic Roy","article_publisher":"https:\/\/www.facebook.com\/royingf\/","article_modified_time":"2019-11-11T19:19:02+00:00","og_image":[{"width":1024,"height":824,"url":"https:\/\/roy-ingf.com\/wp-content\/uploads\/2018\/01\/accueil-1024x824.jpg","type":"image\/jpeg"}],"twitter_card":"summary_large_image","twitter_misc":{"Est. reading time":"2 minutes"},"schema":{"@context":"https:\/\/schema.org","@graph":[{"@type":"WebPage","@id":"https:\/\/roy-ingf.com\/en\/environmental-site-assessment\/","url":"https:\/\/roy-ingf.com\/en\/environmental-site-assessment\/","name":"Environmental site assessment - Consulting services in environment and forest engineering | Dominic Roy","isPartOf":{"@id":"https:\/\/roy-ingf.com\/en\/#website"},"datePublished":"2019-11-11T19:17:04+00:00","dateModified":"2019-11-11T19:19:02+00:00","breadcrumb":{"@id":"https:\/\/roy-ingf.com\/en\/environmental-site-assessment\/#breadcrumb"},"inLanguage":"en-US","potentialAction":[{"@type":"ReadAction","target":["https:\/\/roy-ingf.com\/en\/environmental-site-assessment\/"]}]},{"@type":"BreadcrumbList","@id":"https:\/\/roy-ingf.com\/en\/environmental-site-assessment\/#breadcrumb","itemListElement":[{"@type":"ListItem","position":1,"name":"Home","item":"https:\/\/roy-ingf.com\/en\/"},{"@type":"ListItem","position":2,"name":"Environmental site assessment"}]},{"@type":"WebSite","@id":"https:\/\/roy-ingf.com\/en\/#website","url":"https:\/\/roy-ingf.com\/en\/","name":"Consulting services in environment and forest engineering | Dominic Roy","description":"Consulting services in environment and forest engineering","publisher":{"@id":"https:\/\/roy-ingf.com\/en\/#organization"},"potentialAction":[{"@type":"SearchAction","target":{"@type":"EntryPoint","urlTemplate":"https:\/\/roy-ingf.com\/en\/?s={search_term_string}"},"query-input":{"@type":"PropertyValueSpecification","valueRequired":true,"valueName":"search_term_string"}}],"inLanguage":"en-US"},{"@type":"Organization","@id":"https:\/\/roy-ingf.com\/en\/#organization","name":"Dominic Roy - Forest Engineering","url":"https:\/\/roy-ingf.com\/en\/","logo":{"@type":"ImageObject","inLanguage":"en-US","@id":"https:\/\/roy-ingf.com\/en\/#\/schema\/logo\/image\/","url":"https:\/\/roy-ingf.com\/wp-content\/uploads\/2017\/12\/symbol.png","contentUrl":"https:\/\/roy-ingf.com\/wp-content\/uploads\/2017\/12\/symbol.png","width":96,"height":72,"caption":"Dominic Roy - Forest Engineering"},"image":{"@id":"https:\/\/roy-ingf.com\/en\/#\/schema\/logo\/image\/"},"sameAs":["https:\/\/www.facebook.com\/royingf\/","https:\/\/www.linkedin.com\/in\/dominic-roy-7b010246\/"]}]}},"_links":{"self":[{"href":"https:\/\/roy-ingf.com\/en\/wp-json\/wp\/v2\/pages\/2424","targetHints":{"allow":["GET"]}}],"collection":[{"href":"https:\/\/roy-ingf.com\/en\/wp-json\/wp\/v2\/pages"}],"about":[{"href":"https:\/\/roy-ingf.com\/en\/wp-json\/wp\/v2\/types\/page"}],"author":[{"embeddable":true,"href":"https:\/\/roy-ingf.com\/en\/wp-json\/wp\/v2\/users\/4"}],"replies":[{"embeddable":true,"href":"https:\/\/roy-ingf.com\/en\/wp-json\/wp\/v2\/comments?post=2424"}],"version-history":[{"count":5,"href":"https:\/\/roy-ingf.com\/en\/wp-json\/wp\/v2\/pages\/2424\/revisions"}],"predecessor-version":[{"id":2432,"href":"https:\/\/roy-ingf.com\/en\/wp-json\/wp\/v2\/pages\/2424\/revisions\/2432"}],"wp:attachment":[{"href":"https:\/\/roy-ingf.com\/en\/wp-json\/wp\/v2\/media?parent=2424"}],"curies":[{"name":"wp","href":"https:\/\/api.w.org\/{rel}","templated":true}]}}